{"id":3729,"date":"2023-12-20T21:59:56","date_gmt":"2023-12-20T20:59:56","guid":{"rendered":"https:\/\/www.penzionstaracelnice.cz\/wellness\/"},"modified":"2024-09-16T11:45:26","modified_gmt":"2024-09-16T09:45:26","slug":"wellness","status":"publish","type":"page","link":"https:\/\/www.penzionstaracelnice.cz\/de\/wellness\/","title":{"rendered":"Wellness"},"content":{"rendered":"\t\t<div data-elementor-type=\"wp-page\" data-elementor-id=\"3729\" class=\"elementor elementor-3729 elementor-1831\" data-elementor-post-type=\"page\">\n\t\t\t\t\t\t<section data-dce-background-color=\"#232323\" data-dce-background-overlay-color=\"#000000\" data-dce-background-image-url=\"https:\/\/www.penzionstaracelnice.cz\/wp-content\/uploads\/2024\/06\/Horni-Albe\u00b2ice-velka-data-12-of-74-scaled.jpg\" class=\"elementor-section elementor-top-section elementor-element elementor-element-5f4d4e4f elementor-section-full_width elementor-section-height-min-height elementor-section-height-default elementor-section-items-middle\" data-id=\"5f4d4e4f\" data-element_type=\"section\" data-settings=\"{&quot;background_background&quot;:&quot;classic&quot;}\">\n\t\t\t\t\t\t\t<div class=\"elementor-background-overlay\"><\/div>\n\t\t\t\t\t\t\t<div class=\"elementor-container elementor-column-gap-default\">\n\t\t\t\t\t<div class=\"elementor-column elementor-col-100 elementor-top-column elementor-element elementor-element-3e601125\" data-id=\"3e601125\" data-element_type=\"column\">\n\t\t\t<div class=\"elementor-widget-wrap elementor-element-populated\">\n\t\t\t\t\t\t<div class=\"elementor-element elementor-element-797063f5 elementor-widget elementor-widget-spacer\" data-id=\"797063f5\" data-element_type=\"widget\" data-widget_type=\"spacer.default\">\n\t\t\t\t<div class=\"elementor-widget-container\">\n\t\t\t\t\t\t\t<div class=\"elementor-spacer\">\n\t\t\t<div class=\"elementor-spacer-inner\"><\/div>\n\t\t<\/div>\n\t\t\t\t\t\t<\/div>\n\t\t\t\t<\/div>\n\t\t\t\t<div class=\"elementor-element elementor-element-2d5d41ad elementor-widget elementor-widget-spacer\" data-id=\"2d5d41ad\" data-element_type=\"widget\" data-widget_type=\"spacer.default\">\n\t\t\t\t<div class=\"elementor-widget-container\">\n\t\t\t\t\t\t\t<div class=\"elementor-spacer\">\n\t\t\t<div class=\"elementor-spacer-inner\"><\/div>\n\t\t<\/div>\n\t\t\t\t\t\t<\/div>\n\t\t\t\t<\/div>\n\t\t\t\t<div class=\"elementor-element elementor-element-db1d325 elementor-view-default elementor-position-top elementor-widget elementor-widget-themo-header\" data-id=\"db1d325\" data-element_type=\"widget\" data-widget_type=\"themo-header.default\">\n\t\t\t\t<div class=\"elementor-widget-container\">\n\t\t\t\t\t\t\t<div class=\"th-header-wrap\">\n        <div class=\"elementor-icon-box-wrapper \">\n                            <div class=\"elementor-icon-box-content\">\n                    <h1 class=\"elementor-icon-box-title\">\n                        Wellness                    <\/h1>\n                                        <p class=\"elementor-icon-box-description\"><\/p>\n\n                                    <\/div>\n            <\/div>\n\n        <\/div>\n\n\t\t\t\t\t\t<\/div>\n\t\t\t\t<\/div>\n\t\t\t\t\t<\/div>\n\t\t<\/div>\n\t\t\t\t\t<\/div>\n\t\t<\/section>\n\t\t<div class=\"elementor-element elementor-element-c4e0d1c e-flex e-con-boxed e-con e-parent\" data-id=\"c4e0d1c\" data-element_type=\"container\" data-settings=\"{&quot;background_background&quot;:&quot;classic&quot;}\">\n\t\t\t\t\t<div class=\"e-con-inner\">\n\t\t<div class=\"elementor-element elementor-element-a492ad4 e-con-full e-flex e-con e-child\" data-id=\"a492ad4\" data-element_type=\"container\">\n\t\t\t\t<div class=\"elementor-element elementor-element-d7fc696 elementor-view-default elementor-position-top elementor-widget elementor-widget-themo-header\" data-id=\"d7fc696\" data-element_type=\"widget\" data-widget_type=\"themo-header.default\">\n\t\t\t\t<div class=\"elementor-widget-container\">\n\t\t\t\t\t\t\t<div class=\"th-header-wrap\">\n        <div class=\"elementor-icon-box-wrapper \">\n                            <div class=\"elementor-icon-box-content\">\n                    <h2 class=\"elementor-icon-box-title\">\n                        Private Sauna                    <\/h2>\n                                        <p class=\"elementor-icon-box-description\">F\u00fcr bis zu 4 Personen<\/p>\n\n                                    <\/div>\n            <\/div>\n\n        <\/div>\n\n\t\t\t\t\t\t<\/div>\n\t\t\t\t<\/div>\n\t\t\t\t<\/div>\n\t\t\t\t\t<\/div>\n\t\t\t\t<\/div>\n\t\t\t\t<section class=\"elementor-section elementor-top-section elementor-element elementor-element-c9a6f37 elementor-section-boxed elementor-section-height-default elementor-section-height-default\" data-id=\"c9a6f37\" data-element_type=\"section\" data-settings=\"{&quot;background_background&quot;:&quot;classic&quot;}\">\n\t\t\t\t\t\t<div class=\"elementor-container elementor-column-gap-default\">\n\t\t\t\t\t<div class=\"elementor-column elementor-col-100 elementor-top-column elementor-element elementor-element-77a8946\" data-id=\"77a8946\" data-element_type=\"column\">\n\t\t\t<div class=\"elementor-widget-wrap elementor-element-populated\">\n\t\t\t\t\t\t<section class=\"elementor-section elementor-inner-section elementor-element elementor-element-ea055d1 elementor-section-boxed elementor-section-height-default elementor-section-height-default\" data-id=\"ea055d1\" data-element_type=\"section\">\n\t\t\t\t\t\t<div class=\"elementor-container elementor-column-gap-no\">\n\t\t\t\t\t<div class=\"elementor-column elementor-col-50 elementor-inner-column elementor-element elementor-element-9627c11\" data-id=\"9627c11\" data-element_type=\"column\">\n\t\t\t<div class=\"elementor-widget-wrap elementor-element-populated\">\n\t\t\t\t\t\t<div class=\"elementor-element elementor-element-08c536e elementor-widget elementor-widget-image\" data-id=\"08c536e\" data-element_type=\"widget\" data-widget_type=\"image.default\">\n\t\t\t\t<div class=\"elementor-widget-container\">\n\t\t\t\t\t\t\t\t\t\t\t\t\t\t\t<img fetchpriority=\"high\" decoding=\"async\" width=\"1024\" height=\"683\" src=\"https:\/\/www.penzionstaracelnice.cz\/wp-content\/uploads\/2024\/06\/Horni-Albe\u00b2ice-mala-data-67-of-74-1024x683.jpg\" class=\"attachment-large size-large wp-image-4071\" alt=\"\" srcset=\"https:\/\/www.penzionstaracelnice.cz\/wp-content\/uploads\/2024\/06\/Horni-Albe\u00b2ice-mala-data-67-of-74-1024x683.jpg 1024w, https:\/\/www.penzionstaracelnice.cz\/wp-content\/uploads\/2024\/06\/Horni-Albe\u00b2ice-mala-data-67-of-74-300x200.jpg 300w, https:\/\/www.penzionstaracelnice.cz\/wp-content\/uploads\/2024\/06\/Horni-Albe\u00b2ice-mala-data-67-of-74-768x513.jpg 768w, https:\/\/www.penzionstaracelnice.cz\/wp-content\/uploads\/2024\/06\/Horni-Albe\u00b2ice-mala-data-67-of-74-1536x1025.jpg 1536w, https:\/\/www.penzionstaracelnice.cz\/wp-content\/uploads\/2024\/06\/Horni-Albe\u00b2ice-mala-data-67-of-74-2048x1367.jpg 2048w, https:\/\/www.penzionstaracelnice.cz\/wp-content\/uploads\/2024\/06\/Horni-Albe\u00b2ice-mala-data-67-of-74-180x120.jpg 180w, https:\/\/www.penzionstaracelnice.cz\/wp-content\/uploads\/2024\/06\/Horni-Albe\u00b2ice-mala-data-67-of-74-120x80.jpg 120w, https:\/\/www.penzionstaracelnice.cz\/wp-content\/uploads\/2024\/06\/Horni-Albe\u00b2ice-mala-data-67-of-74-394x263.jpg 394w, https:\/\/www.penzionstaracelnice.cz\/wp-content\/uploads\/2024\/06\/Horni-Albe\u00b2ice-mala-data-67-of-74-915x611.jpg 915w, https:\/\/www.penzionstaracelnice.cz\/wp-content\/uploads\/2024\/06\/Horni-Albe\u00b2ice-mala-data-67-of-74-1240x828.jpg 1240w, https:\/\/www.penzionstaracelnice.cz\/wp-content\/uploads\/2024\/06\/Horni-Albe\u00b2ice-mala-data-67-of-74-1618x1080.jpg 1618w\" sizes=\"(max-width: 1024px) 100vw, 1024px\" \/>\t\t\t\t\t\t\t\t\t\t\t\t\t\t\t<\/div>\n\t\t\t\t<\/div>\n\t\t\t\t\t<\/div>\n\t\t<\/div>\n\t\t\t\t<div class=\"elementor-column elementor-col-50 elementor-inner-column elementor-element elementor-element-fab7a2c\" data-id=\"fab7a2c\" data-element_type=\"column\">\n\t\t\t<div class=\"elementor-widget-wrap elementor-element-populated\">\n\t\t\t\t\t\t<div class=\"elementor-element elementor-element-d07c1e4 elementor-view-default elementor-position-top elementor-widget elementor-widget-themo-header\" data-id=\"d07c1e4\" data-element_type=\"widget\" data-widget_type=\"themo-header.default\">\n\t\t\t\t<div class=\"elementor-widget-container\">\n\t\t\t\t\t\t\t<div class=\"th-header-wrap\">\n        <div class=\"elementor-icon-box-wrapper \">\n                            <div class=\"elementor-icon-box-content\">\n                    <h3 class=\"elementor-icon-box-title\">\n                                            <\/h3>\n                                        <p class=\"elementor-icon-box-description\">Neben unseren stilvollen Unterk\u00fcnften bieten wir auch eine luxuri\u00f6se Sauna, die von unseren G\u00e4sten kostenlos genutzt werden kann. Er umfasst einen Entspannungsbereich mit einem k\u00fchlenden Pool und einer Eisdusche, Handt\u00fcchern und Kosmetikwaschbecken. Der beheizte Whirlpool ist das ganze Jahr \u00fcber in Betrieb und sorgt f\u00fcr endlose Entspannung nach einem Wander- oder Skitag.  <\/p>\n\n                                    <\/div>\n            <\/div>\n\n        <\/div>\n\n\t\t\t\t\t\t<\/div>\n\t\t\t\t<\/div>\n\t\t\t\t<div class=\"elementor-element elementor-element-1a39346 elementor-widget elementor-widget-themo-room-info\" data-id=\"1a39346\" data-element_type=\"widget\" data-widget_type=\"themo-room-info.default\">\n\t\t\t\t<div class=\"elementor-widget-container\">\n\t\t\t\t\t\t\t<div class=\"th-tour-nav\">\n\n            \n            \n\t\t\t<div class=\"th-tour-nav-items\">\n\t\t\t\t                \t\t\t\t\t<span class=\"th-tour-nav-item\">\n                        <i aria-hidden=\"true\" class=\"fasth-trip th-prsn travelpack-person-plus\"><\/i>\t\t\t\t\t\t<span>F\u00fcr bis zu 4 Personen<\/span>\n\t\t\t\t\t<\/span>\n                    \t\t\t\t\t<span class=\"th-tour-nav-item\">\n                        <i aria-hidden=\"true\" class=\"fasth-trip travelpack-shower-head-water\"><\/i>\t\t\t\t\t\t<span>Dusche<\/span>\n\t\t\t\t\t<\/span>\n                    \t\t\t\t\t<span class=\"th-tour-nav-item\">\n                        <i aria-hidden=\"true\" class=\"th-trip travelpack th-trip travelpack-clothes-hanger\"><\/i>\t\t\t\t\t\t<span>Handt\u00fccher<\/span>\n\t\t\t\t\t<\/span>\n                    \t\t\t\t\t<span class=\"th-tour-nav-item\">\n                        <i aria-hidden=\"true\" class=\"th-trip travelpack th-trip travelpack-suitcase\"><\/i>\t\t\t\t\t\t<span>Kosmetika waschen<\/span>\n\t\t\t\t\t<\/span>\n                    \t\t\t<\/div>\n\t\t<\/div>\n\t\t\t\t\t\t<\/div>\n\t\t\t\t<\/div>\n\t\t\t\t\t<\/div>\n\t\t<\/div>\n\t\t\t\t\t<\/div>\n\t\t<\/section>\n\t\t\t\t\t<\/div>\n\t\t<\/div>\n\t\t\t\t\t<\/div>\n\t\t<\/section>\n\t\t\t\t<section class=\"elementor-section elementor-top-section elementor-element elementor-element-264e391 elementor-section-full_width elementor-section-height-default elementor-section-height-default\" data-id=\"264e391\" data-element_type=\"section\">\n\t\t\t\t\t\t<div class=\"elementor-container elementor-column-gap-no\">\n\t\t\t\t\t<div class=\"elementor-column elementor-col-100 elementor-top-column elementor-element elementor-element-8fbeb8d\" data-id=\"8fbeb8d\" data-element_type=\"column\">\n\t\t\t<div class=\"elementor-widget-wrap elementor-element-populated\">\n\t\t\t\t\t\t<div class=\"elementor-element elementor-element-c84984c elementor-arrows-position-inside elementor-widget elementor-widget-image-carousel\" data-id=\"c84984c\" data-element_type=\"widget\" data-settings=\"{&quot;slides_to_show&quot;:&quot;4&quot;,&quot;navigation&quot;:&quot;arrows&quot;,&quot;pause_on_hover&quot;:&quot;no&quot;,&quot;autoplay&quot;:&quot;yes&quot;,&quot;pause_on_interaction&quot;:&quot;yes&quot;,&quot;autoplay_speed&quot;:5000,&quot;infinite&quot;:&quot;yes&quot;,&quot;speed&quot;:500}\" data-widget_type=\"image-carousel.default\">\n\t\t\t\t<div class=\"elementor-widget-container\">\n\t\t\t\t\t\t\t<div class=\"elementor-image-carousel-wrapper swiper\" role=\"region\" aria-roledescription=\"carousel\" aria-label=\"Bild Karussell\" dir=\"ltr\">\n\t\t\t<div class=\"elementor-image-carousel swiper-wrapper swiper-image-stretch\" aria-live=\"off\">\n\t\t\t\t\t\t\t\t<div class=\"swiper-slide\" role=\"group\" aria-roledescription=\"slide\" aria-label=\"1 von 7\"><figure class=\"swiper-slide-inner\"><img decoding=\"async\" class=\"swiper-slide-image\" src=\"https:\/\/www.penzionstaracelnice.cz\/wp-content\/uploads\/2024\/06\/Horni-Albe\u00b2ice-mala-data-67-of-74-605x465.jpg\" alt=\"Horn\u00ed Albe\u00b2ice mal\u00e1 data (67 of 74)\" \/><\/figure><\/div><div class=\"swiper-slide\" role=\"group\" aria-roledescription=\"slide\" aria-label=\"2 von 7\"><figure class=\"swiper-slide-inner\"><img decoding=\"async\" class=\"swiper-slide-image\" src=\"https:\/\/www.penzionstaracelnice.cz\/wp-content\/uploads\/2024\/06\/Horni-Albe\u00b2ice-mala-data-64-of-74-605x465.jpg\" alt=\"Horn\u00ed Albe\u00b2ice mal\u00e1 data (64 of 74)\" \/><\/figure><\/div><div class=\"swiper-slide\" role=\"group\" aria-roledescription=\"slide\" aria-label=\"3 von 7\"><figure class=\"swiper-slide-inner\"><img decoding=\"async\" class=\"swiper-slide-image\" src=\"https:\/\/www.penzionstaracelnice.cz\/wp-content\/uploads\/2024\/06\/Horni-Albe\u00b2ice-mala-data-66-of-74-605x465.jpg\" alt=\"Horn\u00ed Albe\u00b2ice mal\u00e1 data (66 of 74)\" \/><\/figure><\/div><div class=\"swiper-slide\" role=\"group\" aria-roledescription=\"slide\" aria-label=\"4 von 7\"><figure class=\"swiper-slide-inner\"><img decoding=\"async\" class=\"swiper-slide-image\" src=\"https:\/\/www.penzionstaracelnice.cz\/wp-content\/uploads\/2024\/06\/Horni-Albe\u00b2ice-velka-data-12-of-74-605x465.jpg\" alt=\"Horn\u00ed Albe\u00b2ice velk\u00e1 data (12 of 74)\" \/><\/figure><\/div><div class=\"swiper-slide\" role=\"group\" aria-roledescription=\"slide\" aria-label=\"5 von 7\"><figure class=\"swiper-slide-inner\"><img decoding=\"async\" class=\"swiper-slide-image\" src=\"https:\/\/www.penzionstaracelnice.cz\/wp-content\/uploads\/2024\/06\/Horni-Albe\u00b2ice-velka-data-11-of-74-605x465.jpg\" alt=\"Horn\u00ed Albe\u00b2ice velk\u00e1 data (11 of 74)\" \/><\/figure><\/div><div class=\"swiper-slide\" role=\"group\" aria-roledescription=\"slide\" aria-label=\"6 von 7\"><figure class=\"swiper-slide-inner\"><img decoding=\"async\" class=\"swiper-slide-image\" src=\"https:\/\/www.penzionstaracelnice.cz\/wp-content\/uploads\/2024\/06\/Horni-Albe\u00b2ice-velka-data-7-of-74-605x465.jpg\" alt=\"Horn\u00ed Albe\u00b2ice velk\u00e1 data (7 of 74)\" \/><\/figure><\/div><div class=\"swiper-slide\" role=\"group\" aria-roledescription=\"slide\" aria-label=\"7 von 7\"><figure class=\"swiper-slide-inner\"><img decoding=\"async\" class=\"swiper-slide-image\" src=\"https:\/\/www.penzionstaracelnice.cz\/wp-content\/uploads\/2024\/06\/Horni-Albe\u00b2ice-velka-data-9-of-74-605x465.jpg\" alt=\"Horn\u00ed Albe\u00b2ice velk\u00e1 data (9 of 74)\" \/><\/figure><\/div>\t\t\t<\/div>\n\t\t\t\t\t\t\t\t\t\t\t\t<div class=\"elementor-swiper-button elementor-swiper-button-prev\" role=\"button\" tabindex=\"0\">\n\t\t\t\t\t\t<i aria-hidden=\"true\" class=\"eicon-chevron-left\"><\/i>\t\t\t\t\t<\/div>\n\t\t\t\t\t<div class=\"elementor-swiper-button elementor-swiper-button-next\" role=\"button\" tabindex=\"0\">\n\t\t\t\t\t\t<i aria-hidden=\"true\" class=\"eicon-chevron-right\"><\/i>\t\t\t\t\t<\/div>\n\t\t\t\t\n\t\t\t\t\t\t\t\t\t<\/div>\n\t\t\t\t\t\t<\/div>\n\t\t\t\t<\/div>\n\t\t\t\t\t<\/div>\n\t\t<\/div>\n\t\t\t\t\t<\/div>\n\t\t<\/section>\n\t\t\t\t<\/div>\n\t\t","protected":false},"excerpt":{"rendered":"<p>Wellness Private Sauna F\u00fcr bis zu 4 Personen Neben unseren stilvollen Unterk\u00fcnften bieten wir auch eine luxuri\u00f6se Sauna, die von unseren G\u00e4sten kostenlos genutzt werden kann. Er umfasst einen Entspannungsbereich mit einem k\u00fchlenden Pool und einer Eisdusche, Handt\u00fcchern und Kosmetikwaschbecken. &hellip; <a href=\"https:\/\/www.penzionstaracelnice.cz\/de\/wellness\/\">Read More<\/a><\/p>\n","protected":false},"author":1,"featured_media":0,"parent":0,"menu_order":0,"comment_status":"closed","ping_status":"closed","template":"","meta":{"_acf_changed":false,"_seopress_robots_primary_cat":"","_seopress_titles_title":"","_seopress_titles_desc":"Werfen Sie einen Blick auf die Gestaltung unserer Zimmer und w\u00e4hlen Sie das Zimmer aus, das am besten zu Ihrem Stil passt. Wir kombinieren Art Deco mit einem modernen skandinavischen Stil.","_seopress_robots_index":"","footnotes":""},"class_list":["post-3729","page","type-page","status-publish","hentry"],"acf":[],"_links":{"self":[{"href":"https:\/\/www.penzionstaracelnice.cz\/de\/wp-json\/wp\/v2\/pages\/3729","targetHints":{"allow":["GET"]}}],"collection":[{"href":"https:\/\/www.penzionstaracelnice.cz\/de\/wp-json\/wp\/v2\/pages"}],"about":[{"href":"https:\/\/www.penzionstaracelnice.cz\/de\/wp-json\/wp\/v2\/types\/page"}],"author":[{"embeddable":true,"href":"https:\/\/www.penzionstaracelnice.cz\/de\/wp-json\/wp\/v2\/users\/1"}],"replies":[{"embeddable":true,"href":"https:\/\/www.penzionstaracelnice.cz\/de\/wp-json\/wp\/v2\/comments?post=3729"}],"version-history":[{"count":7,"href":"https:\/\/www.penzionstaracelnice.cz\/de\/wp-json\/wp\/v2\/pages\/3729\/revisions"}],"predecessor-version":[{"id":4233,"href":"https:\/\/www.penzionstaracelnice.cz\/de\/wp-json\/wp\/v2\/pages\/3729\/revisions\/4233"}],"wp:attachment":[{"href":"https:\/\/www.penzionstaracelnice.cz\/de\/wp-json\/wp\/v2\/media?parent=3729"}],"curies":[{"name":"wp","href":"https:\/\/api.w.org\/{rel}","templated":true}]}}